{"id":818,"date":"2019-12-28T22:22:27","date_gmt":"2019-12-28T22:22:27","guid":{"rendered":"http:\/\/kieferorthopaedie-rheinfelden.de\/?page_id=818"},"modified":"2020-01-19T17:15:00","modified_gmt":"2020-01-19T17:15:00","slug":"impressum","status":"publish","type":"page","link":"http:\/\/kieferorthopaedie-rheinfelden.de\/en\/impressum\/","title":{"rendered":"Impressum"},"content":{"rendered":"<div data-elementor-type=\"post\" data-elementor-id=\"818\" class=\"elementor elementor-818\" data-elementor-settings=\"[]\">\n\t\t\t<div class=\"elementor-inner\">\n\t\t\t\t<div class=\"elementor-section-wrap\">\n\t\t\t\t\t\t\t<section class=\"elementor-element elementor-element-6fdc41b9 elementor-section-boxed elementor-section-height-default elementor-section-height-default elementor-section elementor-top-section\" data-id=\"6fdc41b9\" data-element_type=\"section\" data-settings=\"{&quot;background_background&quot;:&quot;classic&quot;}\">\n\t\t\t\t\t\t<div class=\"elementor-container elementor-column-gap-default\">\n\t\t\t\t<div class=\"elementor-row\">\n\t\t\t\t<div class=\"elementor-element elementor-element-7cd0492c elementor-column elementor-col-100 elementor-top-column\" data-id=\"7cd0492c\" data-element_type=\"column\">\n\t\t\t<div class=\"elementor-column-wrap  elementor-element-populated\">\n\t\t\t\t\t<div class=\"elementor-widget-wrap\">\n\t\t\t\t<div class=\"elementor-element elementor-element-7fa90646 elementor-widget elementor-widget-heading\" data-id=\"7fa90646\" data-element_type=\"widget\" data-widget_type=\"heading.default\">\n\t\t\t\t<div class=\"elementor-widget-container\">\n\t\t\t<h2 class=\"elementor-heading-title elementor-size-large\">Impressum<\/h2>\t\t<\/div>\n\t\t\t\t<\/div>\n\t\t\t\t\t\t<\/div>\n\t\t\t<\/div>\n\t\t<\/div>\n\t\t\t\t\t\t<\/div>\n\t\t\t<\/div>\n\t\t<\/section>\n\t\t\t\t<section class=\"elementor-element elementor-element-107097f elementor-section-boxed elementor-section-height-default elementor-section-height-default elementor-section elementor-top-section\" data-id=\"107097f\" data-element_type=\"section\">\n\t\t\t\t\t\t<div class=\"elementor-container elementor-column-gap-default\">\n\t\t\t\t<div class=\"elementor-row\">\n\t\t\t\t<div class=\"elementor-element elementor-element-a072abc elementor-column elementor-col-50 elementor-top-column\" data-id=\"a072abc\" data-element_type=\"column\">\n\t\t\t<div class=\"elementor-column-wrap  elementor-element-populated\">\n\t\t\t\t\t<div class=\"elementor-widget-wrap\">\n\t\t\t\t<div class=\"elementor-element elementor-element-f167cd8 elementor-widget elementor-widget-text-editor\" data-id=\"f167cd8\" data-element_type=\"widget\" data-widget_type=\"text-editor.default\">\n\t\t\t\t<div class=\"elementor-widget-container\">\n\t\t\t\t\t<div class=\"elementor-text-editor elementor-clearfix\"><p><span style=\"text-decoration: underline; color: #e67b2c;\"><strong>Rechtform:<\/strong><\/span><\/p><div>Qualit\u00e4ts-Kieferorthop\u00e4die GmbH<\/div><div>\u00a0<\/div><p><span style=\"text-decoration: underline; color: #e67b2c;\"><strong>Gesch\u00e4ftsf\u00fchrende Gesellschafter:<\/strong><\/span><br \/>Herr Dr. Dr. Thomas Helling, Zahnarzt, Fachzahnarzt f\u00fcr Kieferorthop\u00e4die<\/p><p><span style=\"text-decoration: underline; color: #e67b2c;\"><strong>Berufsrechtliche Regelungen:<\/strong><\/span><br \/>Gesetz \u00fcber die Aus\u00fcbung der Zahnheilkunde (ZHG) Geb\u00fchrenordnung f\u00fcr Zahn\u00e4rzte Heilberufe Kammergesetz Berufsordnung Zahn\u00e4rztinnen und Zahn\u00e4rzte in Baden-W\u00fcrttemberg Weiterbildungsordnung der Landeszahn\u00e4rztekammer Baden-W\u00fcrttemberg abrufbar unter www.lzkbw.de .<\/p><\/div>\n\t\t\t\t<\/div>\n\t\t\t\t<\/div>\n\t\t\t\t\t\t<\/div>\n\t\t\t<\/div>\n\t\t<\/div>\n\t\t\t\t<div class=\"elementor-element elementor-element-4d12303 elementor-column elementor-col-50 elementor-top-column\" data-id=\"4d12303\" data-element_type=\"column\">\n\t\t\t<div class=\"elementor-column-wrap  elementor-element-populated\">\n\t\t\t\t\t<div class=\"elementor-widget-wrap\">\n\t\t\t\t<div class=\"elementor-element elementor-element-eebe935 elementor-widget elementor-widget-text-editor\" data-id=\"eebe935\" data-element_type=\"widget\" data-widget_type=\"text-editor.default\">\n\t\t\t\t<div class=\"elementor-widget-container\">\n\t\t\t\t\t<div class=\"elementor-text-editor elementor-clearfix\"><p><span style=\"text-decoration: underline; color: #e67b2c;\"><strong>Zust\u00e4ndige Kammer:<\/strong><\/span><br \/>Landeszahn\u00e4rztekammer Baden-W\u00fcrttemberg Albstadtweg 9 70567 Stuttgart<\/p><p><span style=\"text-decoration: underline; color: #e67b2c;\"><strong>Berufsbezeichnungen:<\/strong><\/span><br \/>Zahn\u00e4rztin, Zahnarzt, Fachzahnarzt f\u00fcr Kieferorthop\u00e4die, jeweils verliehen in der Bundesrepublik Deutschland.<\/p><p><strong><span style=\"text-decoration: underline; color: #e67b2c;\">Aufsichtsbeh\u00f6rden:<\/span><\/strong><br \/>Regierungspr\u00e4sidium Stuttgart Ruppmannstra\u00dfe 21 70565 Stuttgart<\/p><\/div>\n\t\t\t\t<\/div>\n\t\t\t\t<\/div>\n\t\t\t\t\t\t<\/div>\n\t\t\t<\/div>\n\t\t<\/div>\n\t\t\t\t\t\t<\/div>\n\t\t\t<\/div>\n\t\t<\/section>\n\t\t\t\t\t\t<\/div>\n\t\t\t<\/div>\n\t\t<\/div>","protected":false},"excerpt":{"rendered":"<p>Impressum Rechtform: Qualit\u00e4ts-Kieferorthop\u00e4die GmbH\u00a0 Gesch\u00e4ftsf\u00fchrende Gesellschafter:Herr Dr. Dr. Thomas Helling, Zahnarzt, Fachzahnarzt f\u00fcr Kieferorthop\u00e4die Berufsrechtliche Regelungen:Gesetz \u00fcber die Aus\u00fcbung der Zahnheilkunde (ZHG) Geb\u00fchrenordnung f\u00fcr Zahn\u00e4rzte Heilberufe Kammergesetz Berufsordnung Zahn\u00e4rztinnen und Zahn\u00e4rzte in Baden-W\u00fcrttemberg Weiterbildungsordnung der Landeszahn\u00e4rztekammer Baden-W\u00fcrttemberg abrufbar unter www.lzkbw.de . Zust\u00e4ndige Kammer:Landeszahn\u00e4rztekammer Baden-W\u00fcrttemberg Albstadtweg 9 70567 Stuttgart Berufsbezeichnungen:Zahn\u00e4rztin, Zahnarzt, Fachzahnarzt f\u00fcr Kieferorthop\u00e4die, jeweils verliehen &hellip; <\/p>\n<p class=\"link-more\"><a href=\"http:\/\/kieferorthopaedie-rheinfelden.de\/en\/impressum\/\" class=\"more-link\">Continue reading<span class=\"screen-reader-text\"> &#8222;Impressum&#8220;<\/span><\/a><\/p>","protected":false},"author":1,"featured_media":0,"parent":0,"menu_order":0,"comment_status":"closed","ping_status":"closed","template":"elementor_header_footer","meta":[],"_links":{"self":[{"href":"http:\/\/kieferorthopaedie-rheinfelden.de\/en\/wp-json\/wp\/v2\/pages\/818"}],"collection":[{"href":"http:\/\/kieferorthopaedie-rheinfelden.de\/en\/wp-json\/wp\/v2\/pages"}],"about":[{"href":"http:\/\/kieferorthopaedie-rheinfelden.de\/en\/wp-json\/wp\/v2\/types\/page"}],"author":[{"embeddable":true,"href":"http:\/\/kieferorthopaedie-rheinfelden.de\/en\/wp-json\/wp\/v2\/users\/1"}],"replies":[{"embeddable":true,"href":"http:\/\/kieferorthopaedie-rheinfelden.de\/en\/wp-json\/wp\/v2\/comments?post=818"}],"version-history":[{"count":0,"href":"http:\/\/kieferorthopaedie-rheinfelden.de\/en\/wp-json\/wp\/v2\/pages\/818\/revisions"}],"wp:attachment":[{"href":"http:\/\/kieferorthopaedie-rheinfelden.de\/en\/wp-json\/wp\/v2\/media?parent=818"}],"curies":[{"name":"wp","href":"https:\/\/api.w.org\/{rel}","templated":true}]}}