{"id":61,"date":"2019-06-12T20:08:53","date_gmt":"2019-06-12T20:08:53","guid":{"rendered":"http:\/\/kieferorthopaedie-rheinfelden.de\/?page_id=61"},"modified":"2020-03-23T14:46:52","modified_gmt":"2020-03-23T14:46:52","slug":"erste-hilfe","status":"publish","type":"page","link":"http:\/\/kieferorthopaedie-rheinfelden.de\/en\/erste-hilfe\/","title":{"rendered":"First aid"},"content":{"rendered":"<div data-elementor-type=\"post\" data-elementor-id=\"61\" class=\"elementor elementor-61\" data-elementor-settings=\"[]\">\n\t\t\t<div class=\"elementor-inner\">\n\t\t\t\t<div class=\"elementor-section-wrap\">\n\t\t\t\t\t\t\t<section class=\"elementor-element elementor-element-4f13c5fd elementor-section-boxed elementor-section-height-default elementor-section-height-default elementor-section elementor-top-section\" data-id=\"4f13c5fd\" data-element_type=\"section\" data-settings=\"{&quot;background_background&quot;:&quot;classic&quot;}\">\n\t\t\t\t\t\t<div class=\"elementor-container elementor-column-gap-default\">\n\t\t\t\t<div class=\"elementor-row\">\n\t\t\t\t<div class=\"elementor-element elementor-element-6f0caeaf elementor-column elementor-col-100 elementor-top-column\" data-id=\"6f0caeaf\" data-element_type=\"column\">\n\t\t\t<div class=\"elementor-column-wrap  elementor-element-populated\">\n\t\t\t\t\t<div class=\"elementor-widget-wrap\">\n\t\t\t\t<div class=\"elementor-element elementor-element-5bedfcbd elementor-widget elementor-widget-heading\" data-id=\"5bedfcbd\" data-element_type=\"widget\" data-widget_type=\"heading.default\">\n\t\t\t\t<div class=\"elementor-widget-container\">\n\t\t\t<h2 class=\"elementor-heading-title elementor-size-large translation-block\">First<br>Aid<\/h2>\t\t<\/div>\n\t\t\t\t<\/div>\n\t\t\t\t\t\t<\/div>\n\t\t\t<\/div>\n\t\t<\/div>\n\t\t\t\t\t\t<\/div>\n\t\t\t<\/div>\n\t\t<\/section>\n\t\t\t\t<section class=\"elementor-element elementor-element-cd22773 elementor-section-boxed elementor-section-height-default elementor-section-height-default elementor-section elementor-top-section\" data-id=\"cd22773\" data-element_type=\"section\">\n\t\t\t\t\t\t<div class=\"elementor-container elementor-column-gap-default\">\n\t\t\t\t<div class=\"elementor-row\">\n\t\t\t\t<div class=\"elementor-element elementor-element-edfd932 elementor-column elementor-col-100 elementor-top-column\" data-id=\"edfd932\" data-element_type=\"column\">\n\t\t\t<div class=\"elementor-column-wrap  elementor-element-populated\">\n\t\t\t\t\t<div class=\"elementor-widget-wrap\">\n\t\t\t\t<div class=\"elementor-element elementor-element-338e842 elementor-widget elementor-widget-text-editor\" data-id=\"338e842\" data-element_type=\"widget\" data-widget_type=\"text-editor.default\">\n\t\t\t\t<div class=\"elementor-widget-container\">\n\t\t\t\t\t<div class=\"elementor-text-editor elementor-clearfix\"><p>We would like to give you a few first aid tips for any problems that may arise with fixed or removable devices. In all cases, however, you should immediately make an appointment with us in practice so that we can solve the problem professionally and you can feel good again.<\/p><p><b>Our practice and our partner practices are available to you 360 days a year. This means that if a practice is closed due to vacation, you will be forwarded to another practice by telephone at the opening time. They know these devices there and they will help you.<\/b>\u00a0<\/p><\/div>\n\t\t\t\t<\/div>\n\t\t\t\t<\/div>\n\t\t\t\t\t\t<\/div>\n\t\t\t<\/div>\n\t\t<\/div>\n\t\t\t\t\t\t<\/div>\n\t\t\t<\/div>\n\t\t<\/section>\n\t\t\t\t<section class=\"elementor-element elementor-element-1fa96a41 elementor-section-boxed elementor-section-height-default elementor-section-height-default elementor-section elementor-top-section\" data-id=\"1fa96a41\" data-element_type=\"section\" data-settings=\"{&quot;background_background&quot;:&quot;classic&quot;}\">\n\t\t\t\t\t\t<div class=\"elementor-container elementor-column-gap-default\">\n\t\t\t\t<div class=\"elementor-row\">\n\t\t\t\t<div class=\"elementor-element elementor-element-524aad27 elementor-column elementor-col-100 elementor-top-column\" data-id=\"524aad27\" data-element_type=\"column\">\n\t\t\t<div class=\"elementor-column-wrap  elementor-element-populated\">\n\t\t\t\t\t<div class=\"elementor-widget-wrap\">\n\t\t\t\t<div class=\"elementor-element elementor-element-34c6ce4b elementor-widget elementor-widget-heading\" data-id=\"34c6ce4b\" data-element_type=\"widget\" data-widget_type=\"heading.default\">\n\t\t\t\t<div class=\"elementor-widget-container\">\n\t\t\t<h2 class=\"elementor-heading-title elementor-size-xl\">Possible problems with stuck equipment<\/h2>\t\t<\/div>\n\t\t\t\t<\/div>\n\t\t\t\t\t\t<\/div>\n\t\t\t<\/div>\n\t\t<\/div>\n\t\t\t\t\t\t<\/div>\n\t\t\t<\/div>\n\t\t<\/section>\n\t\t\t\t<section class=\"elementor-element elementor-element-54f63e9 elementor-section-boxed elementor-section-height-default elementor-section-height-default elementor-section elementor-top-section\" data-id=\"54f63e9\" data-element_type=\"section\">\n\t\t\t\t\t\t<div class=\"elementor-container elementor-column-gap-default\">\n\t\t\t\t<div class=\"elementor-row\">\n\t\t\t\t<div class=\"elementor-element elementor-element-2e88ddd elementor-column elementor-col-100 elementor-top-column\" data-id=\"2e88ddd\" data-element_type=\"column\">\n\t\t\t<div class=\"elementor-column-wrap  elementor-element-populated\">\n\t\t\t\t\t<div class=\"elementor-widget-wrap\">\n\t\t\t\t<div class=\"elementor-element elementor-element-024cccf elementor-widget elementor-widget-text-editor\" data-id=\"024cccf\" data-element_type=\"widget\" data-widget_type=\"text-editor.default\">\n\t\t\t\t<div class=\"elementor-widget-container\">\n\t\t\t\t\t<div class=\"elementor-text-editor elementor-clearfix\"><h4>Loosened bow<\/h4><p>Try using tweezers to reinsert the bow into the bracket or ribbon. If this is not possible, shorten the bow with a pair of pliers behind the last bracket. If necessary, glue the end of the bow with some wax.<\/p><h4>Annoying bow ends<\/h4><p>Try to gently bend or press the end of the bow with a spoon or a pencil eraser. If this is not possible, stick some protective wax, which you have received from us, on the bow end. If wax is no longer available, you can also use sugar-free chewing gum to cover it.<\/p><h4>Pain \/ sores<\/h4><p>Pain may occur if the appliance or a multi-band arch has been reinserted. Pain up to 3 days is acceptable. Homeopathic beads provide relief. For mild complaints: Belladonna D6, Arnica D6. In very rare exceptional cases, taking a painkiller is useful. Oral hygiene is extremely important as bacterial inflammation can also cause pain.<\/p><h4>Inflammation of the gums<\/h4><p>Gum infections are usually due to poor oral and dental care. Groom your teeth, including gums, after every meal.<\/p><\/div>\n\t\t\t\t<\/div>\n\t\t\t\t<\/div>\n\t\t\t\t\t\t<\/div>\n\t\t\t<\/div>\n\t\t<\/div>\n\t\t\t\t\t\t<\/div>\n\t\t\t<\/div>\n\t\t<\/section>\n\t\t\t\t<section class=\"elementor-element elementor-element-1946923 elementor-section-boxed elementor-section-height-default elementor-section-height-default elementor-section elementor-top-section\" data-id=\"1946923\" data-element_type=\"section\" data-settings=\"{&quot;background_background&quot;:&quot;classic&quot;}\">\n\t\t\t\t\t\t<div class=\"elementor-container elementor-column-gap-default\">\n\t\t\t\t<div class=\"elementor-row\">\n\t\t\t\t<div class=\"elementor-element elementor-element-73ec301 elementor-column elementor-col-100 elementor-top-column\" data-id=\"73ec301\" data-element_type=\"column\">\n\t\t\t<div class=\"elementor-column-wrap  elementor-element-populated\">\n\t\t\t\t\t<div class=\"elementor-widget-wrap\">\n\t\t\t\t<div class=\"elementor-element elementor-element-b63189b elementor-widget elementor-widget-heading\" data-id=\"b63189b\" data-element_type=\"widget\" data-widget_type=\"heading.default\">\n\t\t\t\t<div class=\"elementor-widget-container\">\n\t\t\t<h2 class=\"elementor-heading-title elementor-size-xl\">Problems with removable equipment<\/h2>\t\t<\/div>\n\t\t\t\t<\/div>\n\t\t\t\t\t\t<\/div>\n\t\t\t<\/div>\n\t\t<\/div>\n\t\t\t\t\t\t<\/div>\n\t\t\t<\/div>\n\t\t<\/section>\n\t\t\t\t<section class=\"elementor-element elementor-element-e8e95eb elementor-section-boxed elementor-section-height-default elementor-section-height-default elementor-section elementor-top-section\" data-id=\"e8e95eb\" data-element_type=\"section\">\n\t\t\t\t\t\t<div class=\"elementor-container elementor-column-gap-default\">\n\t\t\t\t<div class=\"elementor-row\">\n\t\t\t\t<div class=\"elementor-element elementor-element-736683a elementor-column elementor-col-100 elementor-top-column\" data-id=\"736683a\" data-element_type=\"column\">\n\t\t\t<div class=\"elementor-column-wrap  elementor-element-populated\">\n\t\t\t\t\t<div class=\"elementor-widget-wrap\">\n\t\t\t\t<div class=\"elementor-element elementor-element-0808af1 elementor-widget elementor-widget-text-editor\" data-id=\"0808af1\" data-element_type=\"widget\" data-widget_type=\"text-editor.default\">\n\t\t\t\t<div class=\"elementor-widget-container\">\n\t\t\t\t\t<div class=\"elementor-text-editor elementor-clearfix\"><h4>Removable device is annoying<\/h4><p>If the device presses or interferes with the gums, make an appointment with us at short notice!<\/p><h4>Removable brace is defective<\/h4><p>If the removable brace or a wire of the brace is broken, please make an appointment with us at short notice. In many cases a damaged, loose brace can be repaired by us. A sharp edge on the plastic can be temporarily smoothed yourself using a nail file. If the device still fits and there is no pressure point due to wearing it, please carry the device on until the appointment. There is a strong risk of relapse of the treatment result achieved! Make an appointment now!<\/p><h4>Brace does not fit \/ brace has been lost<\/h4><div>In any case, please make an appointment at short notice because there is a high risk of relapse of the treatment result achieved.<\/div><\/div>\n\t\t\t\t<\/div>\n\t\t\t\t<\/div>\n\t\t\t\t\t\t<\/div>\n\t\t\t<\/div>\n\t\t<\/div>\n\t\t\t\t\t\t<\/div>\n\t\t\t<\/div>\n\t\t<\/section>\n\t\t\t\t\t\t<\/div>\n\t\t\t<\/div>\n\t\t<\/div>","protected":false},"excerpt":{"rendered":"<p>ERSTEHILFE Wir m\u00f6chten Ihnen hier ein paar Erste Hilfe Tipps f\u00fcr eventuell auftauchende Probleme an festsitzenden oder herausnehmbaren Apparaturen geben. In allen F\u00e4llen gilt jedoch, dass Sie umgehend einen Termin bei uns in der Praxis vereinbaren sollten, damit wir das Problem professionell l\u00f6sen und Sie sich wieder wohlf\u00fchlen k\u00f6nnen. Unsere Praxis und unsere Partnerpraxen sind &hellip; <\/p>\n<p class=\"link-more\"><a href=\"http:\/\/kieferorthopaedie-rheinfelden.de\/en\/erste-hilfe\/\" class=\"more-link\">Continue reading<span class=\"screen-reader-text\"> &#8222;Erste Hilfe&#8220;<\/span><\/a><\/p>","protected":false},"author":1,"featured_media":0,"parent":0,"menu_order":0,"comment_status":"closed","ping_status":"closed","template":"elementor_header_footer","meta":[],"_links":{"self":[{"href":"http:\/\/kieferorthopaedie-rheinfelden.de\/en\/wp-json\/wp\/v2\/pages\/61"}],"collection":[{"href":"http:\/\/kieferorthopaedie-rheinfelden.de\/en\/wp-json\/wp\/v2\/pages"}],"about":[{"href":"http:\/\/kieferorthopaedie-rheinfelden.de\/en\/wp-json\/wp\/v2\/types\/page"}],"author":[{"embeddable":true,"href":"http:\/\/kieferorthopaedie-rheinfelden.de\/en\/wp-json\/wp\/v2\/users\/1"}],"replies":[{"embeddable":true,"href":"http:\/\/kieferorthopaedie-rheinfelden.de\/en\/wp-json\/wp\/v2\/comments?post=61"}],"version-history":[{"count":0,"href":"http:\/\/kieferorthopaedie-rheinfelden.de\/en\/wp-json\/wp\/v2\/pages\/61\/revisions"}],"wp:attachment":[{"href":"http:\/\/kieferorthopaedie-rheinfelden.de\/en\/wp-json\/wp\/v2\/media?parent=61"}],"curies":[{"name":"wp","href":"https:\/\/api.w.org\/{rel}","templated":true}]}}